{"id":67,"date":"2022-05-20T02:29:13","date_gmt":"2022-05-20T02:29:13","guid":{"rendered":"https:\/\/307net.ca\/?page_id=67"},"modified":"2023-10-21T16:04:44","modified_gmt":"2023-10-21T16:04:44","slug":"optimise","status":"publish","type":"page","link":"https:\/\/307net.ca\/fr\/home\/optimise\/","title":{"rendered":"Optimis\u00e9e"},"content":{"rendered":"<div style=\"height:100px\" aria-hidden=\"true\" class=\"wp-block-spacer\"><\/div>\n\n\n\n<h2 class=\"wp-block-heading\">\u00c0 qui s'adresse le forfait optimis\u00e9\u00a0?<\/h2>\n\n\n\n<div style=\"height:100px\" aria-hidden=\"true\" class=\"wp-block-spacer\"><\/div>\n\n\n\n<h4 class=\"wp-block-heading\">Travailleurs \u00e0 domicile, familles qui \"stream\", et m\u00eame les adeptes de jeux vid\u00e9o.<\/h4>\n\n\n\n<p>La vitesse de ce plan permet de soutenir le 4k stream de votre t\u00e9l\u00e9vision et avoir la possibilit\u00e9 d'avoir un appel vid\u00e9o-conf\u00e9rence sur un autre appareil. Avec la capacit\u00e9 illimit\u00e9e-vous n'aurez pas besoin d'avoir peur de tomber endormi devant la t\u00e9l\u00e9vision.<\/p>\n\n\n\n<p>Pour les familles avec plusieurs personnes qui travaillent de la maison, plus d'inqui\u00e9tude \u00e0 avoir, vous pouvez tous \u00eatre sur vos appels en m\u00eame temps sans souci!&nbsp;<\/p>\n\n\n\n<p>Votre syst\u00e8me de s\u00e9curit\u00e9 qui t\u00e9l\u00e9charge \u00e0 un \"cloud\" va b\u00e9n\u00e9ficier du t\u00e9l\u00e9chargement rapide.<\/p>\n\n\n\n<div style=\"height:100px\" aria-hidden=\"true\" class=\"wp-block-spacer\"><\/div>\n\n\n\n<h5 class=\"wp-block-heading\">T\u00e9l\u00e9chargement - 307 Mbps<\/h5>\n\n\n\n<p>Six fois plus rapide que notre plan de base pour que la vid\u00e9o 4K soit diffus\u00e9e dans toute sa splendeur sans mise en m\u00e9moire tampon.<\/p>\n\n\n\n<p>Vision\u00e9 des vid\u00e9os sur plusieurs appareils en m\u00eame temps sans probl\u00e8me.<\/p>\n\n\n\n<div style=\"height:100px\" aria-hidden=\"true\" class=\"wp-block-spacer\"><\/div>\n\n\n\n<h5 class=\"wp-block-heading\">T\u00e9l\u00e9versement - 307 Mbps<\/h5>\n\n\n\n<p>Six fois plus rapide que notre plan de base afin que le t\u00e9l\u00e9chargement de vid\u00e9os \u00e0 partir de syst\u00e8mes de s\u00e9curit\u00e9 \u00e0 domicile ou d'appels vid\u00e9o puisse \u00eatre parfaitement clair en un rien de temps.<\/p>\n\n\n\n<div style=\"height:100px\" aria-hidden=\"true\" class=\"wp-block-spacer\"><\/div>\n\n\n\n<h5 class=\"wp-block-heading\">Utilisation illimit\u00e9e<sup>1<\/sup><\/h5>\n\n\n\n<p>Que vous soyez un s\u00e9rieux adepte de jeux vid\u00e9o, de streaming, la derni\u00e8re chose dont vous avez besoin est d'une limite. Ce plan n'a pas de limite!<\/p>\n\n\n\n<div style=\"height:100px\" aria-hidden=\"true\" class=\"wp-block-spacer\"><\/div>\n\n\n\n<h5 class=\"wp-block-heading\">Location d'un modem Fiber Optique Wifi - 10,00 $ \/ mois<sup>2<\/sup><\/h5>\n\n\n\n<p class=\"translation-block\">Apr\u00e8s 36 mois, si l'appareil fonctionne correctement, vous n'aurez plus \u00e0 payer les frais mensuels. Vous souhaitez payer la totalit\u00e9 des 360,00$ \u00e0 l'avance? Aucun probl\u00e8me. Les modems restent la propri\u00e9t\u00e9 de 307NET pour des raisons de garantie.<\/p>\n\n\n\n<p class=\"translation-block\">Ces modems sont con\u00e7us pour \u00eatre connect\u00e9s directement au c\u00e2ble de fibre optique depuis l'ext\u00e9rieur, ils ne peuvent donc pas \u00eatre remplac\u00e9s par un modem apr\u00e8s-vente. Cependant, vous pouvez connecter des routeurs wifi suppl\u00e9mentaires \u00e0 ce modem \u00e0 l'aide de cordons Ethernet (non fournis). Nos installateurs travailleront avec vous pour obtenir la meilleure couverture possible dans votre maison.<\/p>\n\n\n\n<div style=\"height:100px\" aria-hidden=\"true\" class=\"wp-block-spacer\"><\/div>\n\n\n\n<h5 class=\"wp-block-heading\">Installation - Frais initiale de 300$<\/h5>\n\n\n\n<p class=\"translation-block\">300$ de frais uniques pour le technicien qui vient chez vous pour configurer votre routeur wifi. Oui, nous enverrons un v\u00e9ritable humain pour effectuer le travail technique et tout vous expliquer.<\/p>\n\n\n\n<p class=\"translation-block\">Les fils de la rue jusqu'\u00e0 la bo\u00eete \u00e0 l'ext\u00e9rieur de votre maison sont tous fournis gratuitement gr\u00e2ce aux subventions gouvernementales.<\/p>\n\n\n\n<div style=\"height:100px\" aria-hidden=\"true\" class=\"wp-block-spacer\"><\/div>\n\n\n\n<h4 class=\"wp-block-heading\">Prix - 85$ par mois<\/h4>\n\n\n\n<div style=\"height:100px\" aria-hidden=\"true\" class=\"wp-block-spacer\"><\/div>\n\n\n\n<div class=\"wp-block-button aligncenter\"><a class=\"wp-block-button__link wp-element-button\" href=\"https:\/\/307net.ca\/fr\/inscrire\/\">S'inscrire maintenant<\/a><\/div>\n\n\n\n<p>Notez que tous les forfaits peuvent \u00eatre actifs sur une base saisonni\u00e8re : pendant l\u2019hiver, nous d\u00e9sactiverons votre connexion Internet et vous ne paierez que 10 $\/mois plus la location du modem pour garder le compte ouvert. Envoyez-nous simplement un e-mail pour nous faire savoir quand vous souhaitez activer et d\u00e9sactiver votre service. Vous ne pouvez activer\/d\u00e9sactiver qu\u2019une fois par p\u00e9riode de 12 mois.<\/p>\n\n\n\n<div style=\"height:100px\" aria-hidden=\"true\" class=\"wp-block-spacer\"><\/div>\n\n\n\n<hr class=\"wp-block-separator has-css-opacity\"\/>\n\n\n\n<div class=\"wp-block-group\"><div class=\"wp-block-group__inner-container is-layout-flow wp-block-group-is-layout-flow\">\n<p style=\"font-size:10px\"><sup>1<\/sup> Pour les plans offrant un trafic illimit\u00e9, l'utilisation reste soumise \u00e0 une politique d'utilisation \u00e9quitable. Si l'utilisation du t\u00e9l\u00e9chargement au cours d'une p\u00e9riode de facturation d\u00e9passe 5 t\u00e9raoctets (TB), 307net limitera automatiquement les vitesses de transfert \u00e0 celles du plan de base.<\/p>\n\n\n\n<p style=\"font-size:10px\"><sup>2<\/sup> La location du modem est factur\u00e9e 10$ par mois ou 360$ en une seule fois, plus les taxes applicables. Si vous choisissez de payer mensuellement, apr\u00e8s 36 mois, \u00e0 condition que le modem fonctionne correctement, les frais mensuels ne seront plus factur\u00e9s. Les modems demeurent la propri\u00e9t\u00e9 de 307net en toutes circonstances \u00e0 des fins de garantie.<\/p>\n<\/div><\/div>","protected":false},"excerpt":{"rendered":"<p>Who Is The Optimized Plan For? Work from Homers, Families with Streamers, and even Gamers. The speed of this plan is enough to handle a 4K stream to your TV and still have room for a video call on another device. With unlimited capacity, you won&#8217;t need to panic if you fall asleep on the [&hellip;]<\/p>\n","protected":false},"author":1,"featured_media":0,"parent":12,"menu_order":0,"comment_status":"closed","ping_status":"closed","template":"","meta":{"_coblocks_attr":"","_coblocks_dimensions":"","_coblocks_responsive_height":"","_coblocks_accordion_ie_support":"","hide_page_title":"","footnotes":""},"class_list":["post-67","page","type-page","status-publish","hentry"],"_links":{"self":[{"href":"https:\/\/307net.ca\/fr\/wp-json\/wp\/v2\/pages\/67","targetHints":{"allow":["GET"]}}],"collection":[{"href":"https:\/\/307net.ca\/fr\/wp-json\/wp\/v2\/pages"}],"about":[{"href":"https:\/\/307net.ca\/fr\/wp-json\/wp\/v2\/types\/page"}],"author":[{"embeddable":true,"href":"https:\/\/307net.ca\/fr\/wp-json\/wp\/v2\/users\/1"}],"replies":[{"embeddable":true,"href":"https:\/\/307net.ca\/fr\/wp-json\/wp\/v2\/comments?post=67"}],"version-history":[{"count":14,"href":"https:\/\/307net.ca\/fr\/wp-json\/wp\/v2\/pages\/67\/revisions"}],"predecessor-version":[{"id":204,"href":"https:\/\/307net.ca\/fr\/wp-json\/wp\/v2\/pages\/67\/revisions\/204"}],"up":[{"embeddable":true,"href":"https:\/\/307net.ca\/fr\/wp-json\/wp\/v2\/pages\/12"}],"wp:attachment":[{"href":"https:\/\/307net.ca\/fr\/wp-json\/wp\/v2\/media?parent=67"}],"curies":[{"name":"wp","href":"https:\/\/api.w.org\/{rel}","templated":true}]}}