{"id":78,"date":"2022-05-20T02:46:30","date_gmt":"2022-05-20T02:46:30","guid":{"rendered":"https:\/\/307net.ca\/?page_id=78"},"modified":"2023-10-21T15:53:50","modified_gmt":"2023-10-21T15:53:50","slug":"inscrire","status":"publish","type":"page","link":"https:\/\/307net.ca\/fr\/inscrire\/","title":{"rendered":"Inscrire"},"content":{"rendered":"<div style=\"height:100px\" aria-hidden=\"true\" class=\"wp-block-spacer\"><\/div>\n\n\n\n<h4 class=\"wp-block-heading\">Comment \u00e7a marche<\/h4>\n\n\n\n<p>Nous avons une \u00e9quipe de b\u00e9n\u00e9voles qui surveillent les bo\u00eetes de r\u00e9ception pour les nouvelles demandes ainsi que pour les probl\u00e8mes d'assistance. Lorsque vous remplirez le formulaire ci-dessous, nous v\u00e9rifierons l\u2019adresse pour laquelle vous demandez un service par rapport \u00e0 notre liste d\u2019adresses que nous pouvons desservir. Si tous les travaux pr\u00e9paratoires sont termin\u00e9s, nous vous contacterons pour prendre rendez-vous d\u2019activation. Si quelque chose doit \u00eatre fait pour vous fournir du service, nous vous ferons savoir ce que cela prendra et combien de temps cela prendra. Si nous ne pouvons pas fournir de service, nous vous le ferons certainement \u00e9galement savoir.<\/p>\n\n\n\n<p><\/p>\n\n\n\n<p>Le retard le plus courant vient des conduits \u2013 ce sont les tuyaux en plastique ou en m\u00e9tal que certaines maisons ont \u00e0 partir d'un poteau t\u00e9l\u00e9phonique puis souterrains soit dans la maison elle-m\u00eame, soit contre l'ext\u00e9rieur de celle-ci. Les r\u00e9glementations industrielles interdisent que les lignes de t\u00e9l\u00e9communications et les lignes \u00e9lectriques se trouvent dans le m\u00eame conduit, mais de nombreuses maisons ne disposent pas de conduit de t\u00e9l\u00e9communications d\u00e9di\u00e9. Si tel est votre cas, nous pouvons vous aider \u00e0 vous mettre en contact avec des entrepreneurs locaux pour y parvenir.<\/p>\n\n\n\n<p><\/p>\n\n\n\n<p>Ce dont vous aurez besoin pour remplir ce formulaire:<\/p>\n\n\n\n<ul class=\"wp-block-list\">\n<li>Vos informations<\/li>\n\n\n\n<li>Informations sur votre maison et comment elle est connect\u00e9e aux poteaux<\/li>\n\n\n\n<li>\u00c0 quel forfait Internet vous souhaitez souscrire<\/li>\n<\/ul>\n\n\n\n<p><\/p>\n\n\n\n<p>Une fois que vous aurez rempli ce formulaire, vous recevrez un e-mail de confirmation de notre part et vous pourrez r\u00e9pondre \u00e0 cet e-mail si vous avez d'autres questions.<\/p>\n\n\n\n<p><\/p>\n\n\n\n<div class=\"wp-block-zoho-zoho-forms\"><iframe loading=\"lazy\" height=\"600px\" width=\"100%\" frameborder=\"0\" allow=\"geolocation;microphone;camera\" src=\"https:\/\/zfrmz.com\/e9zVZunfekSFQfcYwuLe\"> <\/iframe><\/div>\n\n\n\n<hr class=\"wp-block-separator has-css-opacity\"\/>\n\n\n\n<p style=\"font-size:10px\"><sup>1 <\/sup>Pour les plans offrant un trafic illimit\u00e9, l'utilisation reste soumise \u00e0 une politique d'utilisation \u00e9quitable. Si l'utilisation du t\u00e9l\u00e9chargement au cours d'une p\u00e9riode de facturation d\u00e9passe 5 t\u00e9raoctets (TB), 307net limitera automatiquement les vitesses de transfert \u00e0 celles du plan de base.<\/p>\n\n\n\n<p style=\"font-size:10px\"><sup>2<\/sup> La location du modem est factur\u00e9e 10$ par mois ou 360$ en une seule fois, plus les taxes applicables. Si vous choisissez de payer mensuellement, apr\u00e8s 36 mois, \u00e0 condition que le modem fonctionne correctement, les frais mensuels ne seront plus factur\u00e9s. Les modems demeurent la propri\u00e9t\u00e9 de 307net en toutes circonstances \u00e0 des fins de garantie.<\/p>\n\n\n\n<p style=\"font-size:10px\"><\/p>","protected":false},"excerpt":{"rendered":"<p>How This Works We have a team of volunteers who monitor inboxes for new requests as well as for support issues. When you complete the form below, we&#8217;ll check the address that you are requesting service for against our list of addresses we can service. If all the preparatory work is done, then we&#8217;ll reach [&hellip;]<\/p>\n","protected":false},"author":1,"featured_media":0,"parent":0,"menu_order":0,"comment_status":"closed","ping_status":"closed","template":"","meta":{"_coblocks_attr":"","_coblocks_dimensions":"","_coblocks_responsive_height":"","_coblocks_accordion_ie_support":"","hide_page_title":"","footnotes":""},"class_list":["post-78","page","type-page","status-publish","hentry"],"_links":{"self":[{"href":"https:\/\/307net.ca\/fr\/wp-json\/wp\/v2\/pages\/78","targetHints":{"allow":["GET"]}}],"collection":[{"href":"https:\/\/307net.ca\/fr\/wp-json\/wp\/v2\/pages"}],"about":[{"href":"https:\/\/307net.ca\/fr\/wp-json\/wp\/v2\/types\/page"}],"author":[{"embeddable":true,"href":"https:\/\/307net.ca\/fr\/wp-json\/wp\/v2\/users\/1"}],"replies":[{"embeddable":true,"href":"https:\/\/307net.ca\/fr\/wp-json\/wp\/v2\/comments?post=78"}],"version-history":[{"count":8,"href":"https:\/\/307net.ca\/fr\/wp-json\/wp\/v2\/pages\/78\/revisions"}],"predecessor-version":[{"id":201,"href":"https:\/\/307net.ca\/fr\/wp-json\/wp\/v2\/pages\/78\/revisions\/201"}],"wp:attachment":[{"href":"https:\/\/307net.ca\/fr\/wp-json\/wp\/v2\/media?parent=78"}],"curies":[{"name":"wp","href":"https:\/\/api.w.org\/{rel}","templated":true}]}}